{"id":4501,"date":"2025-04-08T14:56:30","date_gmt":"2025-04-08T07:56:30","guid":{"rendered":"https:\/\/maloch.svb.la-studioweb.com\/?page_id=4501"},"modified":"2026-02-16T17:21:26","modified_gmt":"2026-02-16T17:21:26","slug":"about","status":"publish","type":"page","link":"https:\/\/martinyluxuryskincare.com\/en\/a-propos\/","title":{"rendered":"About"},"content":{"rendered":"<div data-elementor-type=\"wp-page\" data-elementor-id=\"4501\" class=\"elementor elementor-4501\" data-elementor-post-type=\"page\">\n\t\t\t\t<div class=\"elementor-element elementor-element-7e5c2e6 e-flex e-con-boxed lakit-col-width-auto-no e-container e-root-container elementor-top-section e-con e-parent\" data-id=\"7e5c2e6\" data-element_type=\"container\" data-e-type=\"container\" data-settings=\"{&quot;background_background&quot;:&quot;classic&quot;}\">\n\t\t\t\t\t<div class=\"e-con-inner\">\n\t\t\t\t<div class=\"elementor-element elementor-element-a3e9567 goldtext elementor-widget elementor-widget-heading\" data-id=\"a3e9567\" data-element_type=\"widget\" data-e-type=\"widget\" data-widget_type=\"heading.default\">\n\t\t\t\t\t<h2 class=\"elementor-heading-title elementor-size-default\">About Martiny Luxury Skincare<\/h2>\t\t\t\t<\/div>\n\t\t\t\t\t<\/div>\n\t\t\t\t<\/div>\n\t\t<div class=\"elementor-element elementor-element-dcb20a3 e-flex e-con-boxed lakit-col-width-auto-no e-container e-root-container elementor-top-section e-con e-parent\" data-id=\"dcb20a3\" data-element_type=\"container\" data-e-type=\"container\" id=\"histoire\">\n\t\t\t\t\t<div class=\"e-con-inner\">\n\t\t\t\t<div class=\"elementor-element elementor-element-08d4a2c goldtext elementor-widget elementor-widget-heading\" data-id=\"08d4a2c\" data-element_type=\"widget\" data-e-type=\"widget\" data-widget_type=\"heading.default\">\n\t\t\t\t\t<div class=\"elementor-heading-title elementor-size-default\">Our <br><em>history<\/em><\/div>\t\t\t\t<\/div>\n\t\t\t\t<div class=\"elementor-element elementor-element-298f56f goldtext elementor-widget elementor-widget-heading\" data-id=\"298f56f\" data-element_type=\"widget\" data-e-type=\"widget\" data-widget_type=\"heading.default\">\n\t\t\t\t\t<div class=\"elementor-heading-title elementor-size-default translation-block\">Expertise dedicated to products<br>\nfor black and mixed-race skin care.<\/div>\t\t\t\t<\/div>\n\t\t<div class=\"elementor-element elementor-element-bdd0ac7 e-con-full e-flex lakit-col-width-auto-no e-container e-con e-child\" data-id=\"bdd0ac7\" data-element_type=\"container\" data-e-type=\"container\">\n\t\t\t\t<div class=\"elementor-element elementor-element-e14c859 goldtext elementor-widget elementor-widget-text-editor\" data-id=\"e14c859\" data-element_type=\"widget\" data-e-type=\"widget\" data-widget_type=\"text-editor.default\">\n\t\t\t\t\t\t\t\t\t<p data-start=\"1257\" data-end=\"1588\" class=\"translation-block\">Martiny Luxury Skincare is a brand specializing in the care, repair, enhancement, and treatment of black, mixed-race, and dark skin. Founded by Martiny Mahanya, a skincare expert, the brand was born out of a clear desire: to offer effective, safe skincare products tailored to the realities of black skin.<\/p><p data-start=\"1590\" data-end=\"1775\">Inspired by African nature, our formulations aim to restore the skin's natural radiance and reveal an even, luminous, and healthy complexion, without compromising on quality.<\/p>\t\t\t\t\t\t\t\t<\/div>\n\t\t\t\t<\/div>\n\t\t\t\t\t<\/div>\n\t\t\t\t<\/div>\n\t\t<div class=\"elementor-element elementor-element-9732f98 e-flex e-con-boxed lakit-col-width-auto-no e-container e-root-container elementor-top-section e-con e-parent\" data-id=\"9732f98\" data-element_type=\"container\" data-e-type=\"container\" id=\"valeurs\">\n\t\t\t\t\t<div class=\"e-con-inner\">\n\t\t\t\t<div class=\"elementor-element elementor-element-a845f5c goldtext elementor-widget elementor-widget-heading\" data-id=\"a845f5c\" data-element_type=\"widget\" data-e-type=\"widget\" data-widget_type=\"heading.default\">\n\t\t\t\t\t<div class=\"elementor-heading-title elementor-size-default\">Our <br><em>values<\/em><\/div>\t\t\t\t<\/div>\n\t\t<div class=\"elementor-element elementor-element-ff67415 e-con-full e-flex lakit-col-width-auto-no e-container e-con e-child\" data-id=\"ff67415\" data-element_type=\"container\" data-e-type=\"container\">\n\t\t<div class=\"elementor-element elementor-element-a12a765 e-con-full e-flex lakit-col-width-auto-no e-container e-con e-child\" data-id=\"a12a765\" data-element_type=\"container\" data-e-type=\"container\">\n\t\t\t\t<div class=\"elementor-element elementor-element-f94676f elementor-absolute elementor-view-default elementor-widget elementor-widget-icon\" data-id=\"f94676f\" data-element_type=\"widget\" data-e-type=\"widget\" data-settings=\"{&quot;_position&quot;:&quot;absolute&quot;}\" data-widget_type=\"icon.default\">\n\t\t\t\t\t\t\t<div class=\"elementor-icon-wrapper\">\n\t\t\t<div class=\"elementor-icon\">\n\t\t\t<svg xmlns=\"http:\/\/www.w3.org\/2000\/svg\" width=\"1024\" height=\"1024\" viewbox=\"0 0 1024 1024\" class=\"lakit-font-icon-svg\" data-icon-name=\"users-2_a-heart\" data-icon-type=\"dlicon\"><path d=\"M608 928H64V793.056c0-25.344 14.816-48.256 37.728-58.432C166.144 706.048 278.496 672 448 672c10.624 0 21.056.128 31.232.384l32 .768 1.536-63.968-32-.768c-10.688-.288-21.6-.416-32.768-.416-180.704 0-302.144 37.056-372.224 68.128C29.76 696.544 0 742.432 0 793.056V992h608v-64zM448 544c146.528 0 256-152.032 256-288C704 114.848 589.152 0 448 0S192 114.848 192 256c0 135.968 109.472 288 256 288zm0-480c105.888 0 192 86.112 192 192 0 103.584-83.872 224-192 224S256 359.584 256 256c0-105.888 86.112-192 192-192zm167.648 751.264L800 1006.048l184.352-190.816c52.672-54.528 52.672-143.232 0-197.76-29.024-30.016-69.056-44.96-110.24-40.832-27.648 2.752-53.312 13.888-74.08 31.584-20.768-17.728-46.432-28.832-74.08-31.584-40.928-3.968-81.248 10.816-110.272 40.832-52.704 54.56-52.704 143.264-.032 197.792zm46.048-153.28C675.36 647.808 693.664 640 712.672 640c2.304 0 4.608.096 6.912.352 21.76 2.176 41.248 14.336 53.472 33.408L800 715.776l26.944-41.984c12.224-19.072 31.712-31.264 53.504-33.408 21.472-2.08 42.528 5.76 57.888 21.632 28.992 30.016 28.992 78.816 0 108.8L800 913.952 661.696 770.784c-28.992-30.016-28.992-78.816 0-108.8z\" fill=\"currentColor\"\/><\/svg>\t\t\t<\/div>\n\t\t<\/div>\n\t\t\t\t\t\t<\/div>\n\t\t\t\t<div class=\"elementor-element elementor-element-2f69d62 goldtext elementor-widget elementor-widget-text-editor\" data-id=\"2f69d62\" data-element_type=\"widget\" data-e-type=\"widget\" data-widget_type=\"text-editor.default\">\n\t\t\t\t\t\t\t\t\t<p class=\"translation-block\"><strong>Premium quality:<\/strong> High-end formulas designed for visible, long-lasting results.<\/p>\t\t\t\t\t\t\t\t<\/div>\n\t\t\t\t<\/div>\n\t\t<div class=\"elementor-element elementor-element-e134740 e-con-full e-flex lakit-col-width-auto-no e-container e-con e-child\" data-id=\"e134740\" data-element_type=\"container\" data-e-type=\"container\">\n\t\t\t\t<div class=\"elementor-element elementor-element-d77eb7b elementor-absolute elementor-view-default elementor-widget elementor-widget-icon\" data-id=\"d77eb7b\" data-element_type=\"widget\" data-e-type=\"widget\" data-settings=\"{&quot;_position&quot;:&quot;absolute&quot;}\" data-widget_type=\"icon.default\">\n\t\t\t\t\t\t\t<div class=\"elementor-icon-wrapper\">\n\t\t\t<div class=\"elementor-icon\">\n\t\t\t<svg xmlns=\"http:\/\/www.w3.org\/2000\/svg\" width=\"1024\" height=\"1024\" viewbox=\"0 0 1024 1024\" class=\"lakit-font-icon-svg\" data-icon-name=\"ui-2_favourite-28\" data-icon-type=\"dlicon\"><path d=\"M730.176 0c-84 0-162.848 36.064-218.176 98.208C456.672 36.064 377.824 0 293.824 0 131.808 0 0 133.312 0 297.152 0 574.144 471.488 968 491.584 984.64c5.92 4.896 13.152 7.36 20.416 7.36s14.496-2.464 20.416-7.36C552.512 968 1024 574.144 1024 297.152 1024 133.312 892.192 0 730.176 0zM512 917.888C421.792 839.36 64 514.304 64 297.152 64 168.608 167.104 64 293.824 64c77.056 0 148.64 38.976 191.424 104.256 11.808 18.016 41.696 18.016 53.504 0C581.568 102.976 653.12 64 730.176 64 856.896 64 960 168.608 960 297.152c0 216.992-357.824 542.208-448 620.736z\" fill=\"currentColor\"\/><\/svg>\t\t\t<\/div>\n\t\t<\/div>\n\t\t\t\t\t\t<\/div>\n\t\t\t\t<div class=\"elementor-element elementor-element-670d365 goldtext elementor-widget elementor-widget-text-editor\" data-id=\"670d365\" data-element_type=\"widget\" data-e-type=\"widget\" data-widget_type=\"text-editor.default\">\n\t\t\t\t\t\t\t\t\t<p class=\"translation-block\"><strong>Visible results:<\/strong> Targeted skincare for black skin that addresses real skin concerns.<\/p>\t\t\t\t\t\t\t\t<\/div>\n\t\t\t\t<\/div>\n\t\t<div class=\"elementor-element elementor-element-14e3e15 e-con-full e-flex lakit-col-width-auto-no e-container e-con e-child\" data-id=\"14e3e15\" data-element_type=\"container\" data-e-type=\"container\">\n\t\t\t\t<div class=\"elementor-element elementor-element-67f97fc elementor-absolute elementor-view-default elementor-widget elementor-widget-icon\" data-id=\"67f97fc\" data-element_type=\"widget\" data-e-type=\"widget\" data-settings=\"{&quot;_position&quot;:&quot;absolute&quot;}\" data-widget_type=\"icon.default\">\n\t\t\t\t\t\t\t<div class=\"elementor-icon-wrapper\">\n\t\t\t<div class=\"elementor-icon\">\n\t\t\t<svg xmlns=\"http:\/\/www.w3.org\/2000\/svg\" width=\"1024\" height=\"1024\" viewbox=\"0 0 1024 1024\" class=\"lakit-font-icon-svg\" data-icon-name=\"users-2_standing-woman\" data-icon-type=\"dlicon\"><path d=\"M384 128c0 70.592 57.408 128 128 128s128-57.408 128-128S582.592 0 512 0 384 57.408 384 128zm192 0c0 35.296-28.704 64-64 64s-64-28.704-64-64 28.704-64 64-64 64 28.704 64 64zm31.008 192H416.992c-52.672 0-99.328 31.584-118.848 80.48L182.4 689.824l59.424 23.776L357.6 424.224C367.328 399.776 390.688 384 416.992 384h190.016c26.304 0 49.664 15.776 59.392 40.224L782.176 713.6l59.392-23.776L725.824 400.48C706.304 351.584 659.648 320 607.008 320zm57.28 153.824l-62.464 13.888L664.096 768H359.904l62.272-280.288-62.464-13.888L280.096 832H384v192h64V832h128v192h64V832h103.904z\" fill=\"currentColor\"\/><\/svg>\t\t\t<\/div>\n\t\t<\/div>\n\t\t\t\t\t\t<\/div>\n\t\t\t\t<div class=\"elementor-element elementor-element-8aaac88 goldtext elementor-widget elementor-widget-text-editor\" data-id=\"8aaac88\" data-element_type=\"widget\" data-e-type=\"widget\" data-widget_type=\"text-editor.default\">\n\t\t\t\t\t\t\t\t\t<p class=\"translation-block\"><strong>Transparency:<\/strong> Clear communication about our products and their use.<\/p>\t\t\t\t\t\t\t\t<\/div>\n\t\t\t\t<div class=\"elementor-element elementor-element-d312248 goldtext elementor-widget elementor-widget-text-editor\" data-id=\"d312248\" data-element_type=\"widget\" data-e-type=\"widget\" data-widget_type=\"text-editor.default\">\n\t\t\t\t\t\t\t\t\t<p class=\"translation-block\"><strong>Safety &amp; effectiveness:<\/strong> Skincare designed to respect the skin's balance.<\/p>\t\t\t\t\t\t\t\t<\/div>\n\t\t\t\t<div class=\"elementor-element elementor-element-b3ea5fd goldtext elementor-widget elementor-widget-text-editor\" data-id=\"b3ea5fd\" data-element_type=\"widget\" data-e-type=\"widget\" data-widget_type=\"text-editor.default\">\n\t\t\t\t\t\t\t\t\t<p class=\"translation-block\"><strong>Women's empowerment:<\/strong> A brand that values African women and women of African descent.<\/p>\t\t\t\t\t\t\t\t<\/div>\n\t\t\t\t<\/div>\n\t\t\t\t<\/div>\n\t\t\t\t\t<\/div>\n\t\t\t\t<\/div>\n\t\t<div class=\"elementor-element elementor-element-209adc0 e-flex e-con-boxed lakit-col-width-auto-no e-container e-root-container elementor-top-section e-con e-parent\" data-id=\"209adc0\" data-element_type=\"container\" data-e-type=\"container\" id=\"mission\">\n\t\t\t\t\t<div class=\"e-con-inner\">\n\t\t\t\t<div class=\"elementor-element elementor-element-ecda30f goldtext elementor-widget elementor-widget-heading\" data-id=\"ecda30f\" data-element_type=\"widget\" data-e-type=\"widget\" data-widget_type=\"heading.default\">\n\t\t\t\t\t<div class=\"elementor-heading-title elementor-size-default translation-block\">Expertise <br><em>dedicated to your skin<\/em><\/div>\t\t\t\t<\/div>\n\t\t\t\t<div class=\"elementor-element elementor-element-1f7dada goldtext elementor-widget elementor-widget-heading\" data-id=\"1f7dada\" data-element_type=\"widget\" data-e-type=\"widget\" data-widget_type=\"heading.default\">\n\t\t\t\t\t<div class=\"elementor-heading-title elementor-size-default translation-block\">Targeted treatments for <br>\nvisible results.<\/div>\t\t\t\t<\/div>\n\t\t<div class=\"elementor-element elementor-element-984f62d e-con-full e-flex lakit-col-width-auto-no e-container e-con e-child\" data-id=\"984f62d\" data-element_type=\"container\" data-e-type=\"container\">\n\t\t\t\t<div class=\"elementor-element elementor-element-98ee323 goldtext elementor-widget elementor-widget-text-editor\" data-id=\"98ee323\" data-element_type=\"widget\" data-e-type=\"widget\" data-widget_type=\"text-editor.default\">\n\t\t\t\t\t\t\t\t\t<p data-start=\"2627\" data-end=\"2960\" class=\"translation-block\">From our centers in the Democratic Republic of Congo and Canada, we provide each client with personalized care. Our routines target hyperpigmentation, dark spots, acne, dull complexion, and uneven skin texture through professional monitoring and treatments tailored to each skin type.<\/p><p data-start=\"2962\" data-end=\"3102\">Martiny Luxury Skincare offers much more than just products: it offers a true luxury skincare experience, designed for ambitious women.<\/p>\t\t\t\t\t\t\t\t<\/div>\n\t\t\t\t<div class=\"elementor-element elementor-element-1e5ad11 elementor-mobile-align-center elementor-widget lastudio-kit elementor-lakit-button\" data-id=\"1e5ad11\" data-element_type=\"widget\" data-e-type=\"widget\" data-widget_type=\"lakit-button.default\">\n\t\t\t\t\t        <a href=\"https:\/\/martinyluxuryskincare.com\/en\/boutique\/\" class=\"elementor-button-link elementor-button elementor-btn-align-icon- elementor-size-sm\" role=\"button\">\n                    <span class=\"elementor-button-content-wrapper\">\n\t\t\t\t\t\t<span class=\"elementor-button-text\">DISCOVER OUR TREATMENTS<\/span>\n\t\t<\/span>\n                <\/a>\n        \t\t\t\t<\/div>\n\t\t\t\t<\/div>\n\t\t\t\t\t<\/div>\n\t\t\t\t<\/div>\n\t\t\t\t<\/div>","protected":false},"excerpt":{"rendered":"<p>\u00c0 propos de Martiny Luxury Skincare Notre histoire L\u2019expertise d\u00e9di\u00e9e aux produits soins peau noire et m\u00e9tiss\u00e9es. Martiny Luxury Skincare est une marque sp\u00e9cialis\u00e9e dans l\u2019entretien, la r\u00e9paration,la sublimation et les produits de soins peau noire, m\u00e9tiss\u00e9es et mates.Fond\u00e9e par Martiny Mahanya, experte en soins de la peau, la marque&hellip;<\/p>","protected":false},"author":1,"featured_media":0,"parent":0,"menu_order":0,"comment_status":"closed","ping_status":"closed","template":"elementor_header_footer","meta":{"footnotes":""},"class_list":["post-4501","page","type-page","status-publish","hentry"],"yoast_head":"<!-- This site is optimized with the Yoast SEO plugin v27.0 - https:\/\/yoast.com\/product\/yoast-seo-wordpress\/ -->\n<title>\u00c0 propos | Martiny Luxury Skincare \u2013 Produits soins peau noire<\/title>\n<meta name=\"description\" content=\"D\u00e9couvrez Martiny Luxury Skincare, marque sp\u00e9cialis\u00e9e dans les produits de soins peau noire et m\u00e9tiss\u00e9es, alliant luxe et efficacit\u00e9.\" \/>\n<meta name=\"robots\" content=\"index, follow, max-snippet:-1, max-image-preview:large, max-video-preview:-1\" \/>\n<link rel=\"canonical\" href=\"https:\/\/martinyluxuryskincare.com\/en\/about\/\" \/>\n<meta property=\"og:locale\" content=\"en_US\" \/>\n<meta property=\"og:type\" content=\"article\" \/>\n<meta property=\"og:title\" content=\"\u00c0 propos | Martiny Luxury Skincare \u2013 Produits soins peau noire\" \/>\n<meta property=\"og:description\" content=\"D\u00e9couvrez Martiny Luxury Skincare, marque sp\u00e9cialis\u00e9e dans les produits de soins peau noire et m\u00e9tiss\u00e9es, alliant luxe et efficacit\u00e9.\" \/>\n<meta property=\"og:url\" content=\"https:\/\/martinyluxuryskincare.com\/en\/about\/\" \/>\n<meta property=\"og:site_name\" content=\"Martiny cosmetique mode\" \/>\n<meta property=\"article:modified_time\" content=\"2026-02-16T17:21:26+00:00\" \/>\n<meta name=\"twitter:card\" content=\"summary_large_image\" \/>\n<meta name=\"twitter:label1\" content=\"Est. reading time\" \/>\n\t<meta name=\"twitter:data1\" content=\"2 minutes\" \/>\n<script type=\"application\/ld+json\" class=\"yoast-schema-graph\">{\"@context\":\"https:\/\/schema.org\",\"@graph\":[{\"@type\":\"WebPage\",\"@id\":\"https:\/\/martinyluxuryskincare.com\/en\/about\/\",\"url\":\"https:\/\/martinyluxuryskincare.com\/en\/about\/\",\"name\":\"\u00c0 propos | Martiny Luxury Skincare \u2013 Produits soins peau noire\",\"isPartOf\":{\"@id\":\"http:\/\/martinyluxuryskincare.com\/#website\"},\"datePublished\":\"2025-04-08T07:56:30+00:00\",\"dateModified\":\"2026-02-16T17:21:26+00:00\",\"description\":\"D\u00e9couvrez Martiny Luxury Skincare, marque sp\u00e9cialis\u00e9e dans les produits de soins peau noire et m\u00e9tiss\u00e9es, alliant luxe et efficacit\u00e9.\",\"breadcrumb\":{\"@id\":\"https:\/\/martinyluxuryskincare.com\/en\/about\/#breadcrumb\"},\"inLanguage\":\"en-CA\",\"potentialAction\":[{\"@type\":\"ReadAction\",\"target\":[\"https:\/\/martinyluxuryskincare.com\/en\/about\/\"]}]},{\"@type\":\"BreadcrumbList\",\"@id\":\"https:\/\/martinyluxuryskincare.com\/en\/about\/#breadcrumb\",\"itemListElement\":[{\"@type\":\"ListItem\",\"position\":1,\"name\":\"Accueil\",\"item\":\"http:\/\/martinyluxuryskincare.com\/\"},{\"@type\":\"ListItem\",\"position\":2,\"name\":\"\u00c0 propos\"}]},{\"@type\":\"WebSite\",\"@id\":\"http:\/\/martinyluxuryskincare.com\/#website\",\"url\":\"http:\/\/martinyluxuryskincare.com\/\",\"name\":\"Martiny cosmetique mode\",\"description\":\"La sant\u00e9 de votre peau est notre priorit\u00e9 absolue\",\"publisher\":{\"@id\":\"http:\/\/martinyluxuryskincare.com\/#organization\"},\"potentialAction\":[{\"@type\":\"SearchAction\",\"target\":{\"@type\":\"EntryPoint\",\"urlTemplate\":\"http:\/\/martinyluxuryskincare.com\/?s={search_term_string}\"},\"query-input\":{\"@type\":\"PropertyValueSpecification\",\"valueRequired\":true,\"valueName\":\"search_term_string\"}}],\"inLanguage\":\"en-CA\"},{\"@type\":\"Organization\",\"@id\":\"http:\/\/martinyluxuryskincare.com\/#organization\",\"name\":\"Martiny cosmetique mode\",\"url\":\"http:\/\/martinyluxuryskincare.com\/\",\"logo\":{\"@type\":\"ImageObject\",\"inLanguage\":\"en-CA\",\"@id\":\"http:\/\/martinyluxuryskincare.com\/#\/schema\/logo\/image\/\",\"url\":\"https:\/\/martinyluxuryskincare.com\/wp-content\/uploads\/2025\/04\/LOGO.png\",\"contentUrl\":\"https:\/\/martinyluxuryskincare.com\/wp-content\/uploads\/2025\/04\/LOGO.png\",\"width\":416,\"height\":416,\"caption\":\"Martiny cosmetique mode\"},\"image\":{\"@id\":\"http:\/\/martinyluxuryskincare.com\/#\/schema\/logo\/image\/\"}}]}<\/script>\n<!-- \/ Yoast SEO plugin. -->","yoast_head_json":{"title":"About | Martiny Luxury Skincare \u2013 Products for dark skin care","description":"Discover Martiny Luxury Skincare, a brand specializing in skincare products for black and mixed-race skin, combining luxury and effectiveness.","robots":{"index":"index","follow":"follow","max-snippet":"max-snippet:-1","max-image-preview":"max-image-preview:large","max-video-preview":"max-video-preview:-1"},"canonical":"https:\/\/martinyluxuryskincare.com\/en\/about\/","og_locale":"en_US","og_type":"article","og_title":"\u00c0 propos | Martiny Luxury Skincare \u2013 Produits soins peau noire","og_description":"D\u00e9couvrez Martiny Luxury Skincare, marque sp\u00e9cialis\u00e9e dans les produits de soins peau noire et m\u00e9tiss\u00e9es, alliant luxe et efficacit\u00e9.","og_url":"https:\/\/martinyluxuryskincare.com\/en\/about\/","og_site_name":"Martiny cosmetique mode","article_modified_time":"2026-02-16T17:21:26+00:00","twitter_card":"summary_large_image","twitter_misc":{"Est. reading time":"2 minutes"},"schema":{"@context":"https:\/\/schema.org","@graph":[{"@type":"WebPage","@id":"https:\/\/martinyluxuryskincare.com\/en\/about\/","url":"https:\/\/martinyluxuryskincare.com\/en\/about\/","name":"About | Martiny Luxury Skincare \u2013 Products for dark skin care","isPartOf":{"@id":"http:\/\/martinyluxuryskincare.com\/#website"},"datePublished":"2025-04-08T07:56:30+00:00","dateModified":"2026-02-16T17:21:26+00:00","description":"Discover Martiny Luxury Skincare, a brand specializing in skincare products for black and mixed-race skin, combining luxury and effectiveness.","breadcrumb":{"@id":"https:\/\/martinyluxuryskincare.com\/en\/about\/#breadcrumb"},"inLanguage":"en-CA","potentialAction":[{"@type":"ReadAction","target":["https:\/\/martinyluxuryskincare.com\/en\/about\/"]}]},{"@type":"BreadcrumbList","@id":"https:\/\/martinyluxuryskincare.com\/en\/about\/#breadcrumb","itemListElement":[{"@type":"ListItem","position":1,"name":"Accueil","item":"http:\/\/martinyluxuryskincare.com\/"},{"@type":"ListItem","position":2,"name":"\u00c0 propos"}]},{"@type":"WebSite","@id":"http:\/\/martinyluxuryskincare.com\/#website","url":"http:\/\/martinyluxuryskincare.com\/","name":"Martiny Luxury Skincare","description":"La sant\u00e9 de votre peau est notre priorit\u00e9 absolue","publisher":{"@id":"http:\/\/martinyluxuryskincare.com\/#organization"},"potentialAction":[{"@type":"SearchAction","target":{"@type":"EntryPoint","urlTemplate":"http:\/\/martinyluxuryskincare.com\/?s={search_term_string}"},"query-input":{"@type":"PropertyValueSpecification","valueRequired":true,"valueName":"search_term_string"}}],"inLanguage":"en-CA"},{"@type":"Organization","@id":"http:\/\/martinyluxuryskincare.com\/#organization","name":"Martiny Luxury Skincare","url":"http:\/\/martinyluxuryskincare.com\/","logo":{"@type":"ImageObject","inLanguage":"en-CA","@id":"http:\/\/martinyluxuryskincare.com\/#\/schema\/logo\/image\/","url":"https:\/\/martinyluxuryskincare.com\/wp-content\/uploads\/2025\/04\/LOGO.png","contentUrl":"https:\/\/martinyluxuryskincare.com\/wp-content\/uploads\/2025\/04\/LOGO.png","width":416,"height":416,"caption":"Martiny cosmetique mode"},"image":{"@id":"http:\/\/martinyluxuryskincare.com\/#\/schema\/logo\/image\/"}}]}},"_links":{"self":[{"href":"https:\/\/martinyluxuryskincare.com\/en\/wp-json\/wp\/v2\/pages\/4501","targetHints":{"allow":["GET"]}}],"collection":[{"href":"https:\/\/martinyluxuryskincare.com\/en\/wp-json\/wp\/v2\/pages"}],"about":[{"href":"https:\/\/martinyluxuryskincare.com\/en\/wp-json\/wp\/v2\/types\/page"}],"author":[{"embeddable":true,"href":"https:\/\/martinyluxuryskincare.com\/en\/wp-json\/wp\/v2\/users\/1"}],"replies":[{"embeddable":true,"href":"https:\/\/martinyluxuryskincare.com\/en\/wp-json\/wp\/v2\/comments?post=4501"}],"version-history":[{"count":80,"href":"https:\/\/martinyluxuryskincare.com\/en\/wp-json\/wp\/v2\/pages\/4501\/revisions"}],"predecessor-version":[{"id":9639,"href":"https:\/\/martinyluxuryskincare.com\/en\/wp-json\/wp\/v2\/pages\/4501\/revisions\/9639"}],"wp:attachment":[{"href":"https:\/\/martinyluxuryskincare.com\/en\/wp-json\/wp\/v2\/media?parent=4501"}],"curies":[{"name":"wp","href":"https:\/\/api.w.org\/{rel}","templated":true}]}}